{"id":450,"date":"2018-07-23T10:11:14","date_gmt":"2018-07-23T10:11:14","guid":{"rendered":"https:\/\/veera.la-studioweb.com\/?page_id=450"},"modified":"2021-10-28T18:28:13","modified_gmt":"2021-10-28T15:28:13","slug":"about-us","status":"publish","type":"page","link":"https:\/\/studiogien.com.tr\/en\/about-us\/","title":{"rendered":"About Us"},"content":{"rendered":"<div class=\"vc_row wpb_row vc_row-fluid la_fp_slide la_fp_child_section\"><div class=\"wpb_column vc_column_container vc_col-sm-12\"><div class=\"vc_column-inner\"><div class=\"wpb_wrapper\"><div id=\"la_divider69e355d39936e\" class=\"js-el la-divider la-unit-responsive\" data-la_component=\"UnitResponsive\"  data-el_target='#la_divider69e355d39936e'  data-el_media_sizes='{&quot;padding-top&quot;:&quot;xlg:120px;lg:70px;md:50px;&quot;}' ><\/div>\n<\/div><\/div><\/div><\/div><div class=\"vc_row wpb_row vc_row-fluid la_fp_slide la_fp_child_section\"><div class=\"wpb_column vc_column_container vc_col-sm-12 vc_col-md-offset-1 vc_col-md-6\"><div class=\"vc_column-inner\"><div class=\"wpb_wrapper\"><div id=\"la_heading_69e355d399a27\" class=\"la-headings text-left\"><h2 class=\"js-el heading-tag la-unit-responsive\" style=\"\"  data-la_component=\"UnitResponsive\"  data-el_target='#la_heading_69e355d399a27 .heading-tag'  data-el_media_sizes='{&quot;font-size&quot;:&quot;lg:32px;md:24px;sm:20px;&quot;,&quot;line-height&quot;:&quot;&quot;}' >Studio Gien<\/h2><div class=\"js-el subheading-tag la-unit-responsive padding-top-15\" style=\"\"  data-la_component=\"UnitResponsive\"  data-el_target='#la_heading_69e355d399a27 .subheading-tag'  data-el_media_sizes='{&quot;font-size&quot;:&quot;lg:13px;&quot;,&quot;line-height&quot;:&quot;lg:24px;&quot;}' ><p>WE HAVE GREATLY ENJOYED SERVING THE TEXTILE INDUSTRY FOR YEARS AND DOING THE JOB WE LOVE AND KNOW. WE WOULD LIKE TO SHARE THIS KNOW-HOW AND EXPRIENCE WITH YOU WITH CARRYING IT TO A MORE SPECIAL AND DIFFERENT LEVEL. WE AIM TO EXCEED THE LIMITS OF OUR IMAGINATION WITHOUT DEPENDING ON REGULAR PATTERNS. WE AIM TO DRESS LITTLE HUMANS WITH OUR COLLECTION THAT WE MANUFACTURE WITHOUT COMPROMISING ON QUALITY.<\/p>\n<p><strong>OUR MISSION<\/strong><\/p>\n<p>TO ALWAYS COME UP WITH THE MOST INNOVATIVE AND CREATIVE DESIGNS. WE WOULD LIKE TO SHARE WITH YOU THAT THIS IS JUST THE BEGINNING AND WE ARE LOOKING AT THE MANY OF OUR PROJECTS THAT WE WANT TO INVOLVE. \n\nFOLLOW US, STAY WITH LOVE.<\/p>\n<\/div><\/div>\n<div id=\"la_divider69e355d399b58\" class=\"js-el la-divider la-unit-responsive\" data-la_component=\"UnitResponsive\"  data-el_target='#la_divider69e355d399b58'  data-el_media_sizes='{&quot;padding-top&quot;:&quot;lg:15px;&quot;}' ><\/div>\n<\/div><\/div><\/div><div class=\"wpb_column vc_column_container vc_col-sm-12 vc_col-md-5\"><div class=\"vc_column-inner\"><div class=\"wpb_wrapper\">\n\t<div  class=\"wpb_single_image wpb_content_element vc_align_center   margin-bottom-0\">\n\t\t\n\t\t<figure class=\"wpb_wrapper vc_figure\">\n\t\t\t<div class=\"vc_single_image-wrapper   vc_box_border_grey\"><img loading=\"lazy\" decoding=\"async\" width=\"570\" height=\"422\" src=\"https:\/\/studiogien.com.tr\/wp-content\/uploads\/2021\/10\/about_bg.jpg\" class=\"vc_single_image-img attachment-full\" alt=\"\" \/><\/div>\n\t\t<\/figure>\n\t<\/div>\n<\/div><\/div><\/div><\/div><div class=\"vc_row wpb_row vc_row-fluid la_fp_slide la_fp_child_section\"><div class=\"wpb_column vc_column_container vc_col-sm-12\"><div class=\"vc_column-inner\"><div class=\"wpb_wrapper\"><div id=\"la_divider69e355d39b0cf\" class=\"js-el la-divider la-unit-responsive\" data-la_component=\"UnitResponsive\"  data-el_target='#la_divider69e355d39b0cf'  data-el_media_sizes='{&quot;padding-top&quot;:&quot;lg:80px;sm:40px;xs:20px;&quot;}' ><\/div>\n<\/div><\/div><\/div><\/div><div class=\"vc_row wpb_row vc_row-fluid la_fp_slide la_fp_child_section\"><div class=\"wpb_column vc_column_container vc_col-sm-6 vc_col-md-5\"><div class=\"vc_column-inner\"><div class=\"wpb_wrapper\"><div id=\"la_divider69e355d39b5db\" class=\"js-el la-divider la-unit-responsive\" data-la_component=\"UnitResponsive\"  data-el_target='#la_divider69e355d39b5db'  data-el_media_sizes='{&quot;padding-top&quot;:&quot;lg:18px;&quot;}' ><\/div>\n<div class=\"vc_empty_space\"   style=\"height: 64px\"><span class=\"vc_empty_space_inner\"><\/span><\/div><div id=\"la_divider69e355d39bf82\" class=\"js-el la-divider la-unit-responsive\" data-la_component=\"UnitResponsive\"  data-el_target='#la_divider69e355d39bf82'  data-el_media_sizes='{&quot;padding-top&quot;:&quot;lg:10px;&quot;}' ><\/div>\n<\/div><\/div><\/div><\/div>","protected":false},"excerpt":{"rendered":"Studio GienYILLARDIR TEKST\u0130L SEKT\u00d6R\u00dcNE H\u0130ZMET EDEREK EN SEVD\u0130\u011e\u0130M\u0130Z VE B\u0130LD\u0130\u011e\u0130M\u0130Z \u0130\u015e\u0130 YAPIYOR OLMAKTAN B\u00dcY\u00dcK KEY\u0130F ALMAKTAYIZ. BU B\u0130LG\u0130 VE DONANIMIZI&hellip;","protected":false},"author":1,"featured_media":0,"parent":0,"menu_order":0,"comment_status":"closed","ping_status":"closed","template":"","meta":{"footnotes":""},"class_list":["post-450","page","type-page","status-publish","hentry"],"_links":{"self":[{"href":"https:\/\/studiogien.com.tr\/en\/wp-json\/wp\/v2\/pages\/450","targetHints":{"allow":["GET"]}}],"collection":[{"href":"https:\/\/studiogien.com.tr\/en\/wp-json\/wp\/v2\/pages"}],"about":[{"href":"https:\/\/studiogien.com.tr\/en\/wp-json\/wp\/v2\/types\/page"}],"author":[{"embeddable":true,"href":"https:\/\/studiogien.com.tr\/en\/wp-json\/wp\/v2\/users\/1"}],"replies":[{"embeddable":true,"href":"https:\/\/studiogien.com.tr\/en\/wp-json\/wp\/v2\/comments?post=450"}],"version-history":[{"count":14,"href":"https:\/\/studiogien.com.tr\/en\/wp-json\/wp\/v2\/pages\/450\/revisions"}],"predecessor-version":[{"id":1313,"href":"https:\/\/studiogien.com.tr\/en\/wp-json\/wp\/v2\/pages\/450\/revisions\/1313"}],"wp:attachment":[{"href":"https:\/\/studiogien.com.tr\/en\/wp-json\/wp\/v2\/media?parent=450"}],"curies":[{"name":"wp","href":"https:\/\/api.w.org\/{rel}","templated":true}]}}