{"id":706,"date":"2018-07-26T13:24:02","date_gmt":"2018-07-26T13:24:02","guid":{"rendered":"https:\/\/veera.la-studioweb.com\/?page_id=706"},"modified":"2021-04-30T18:12:23","modified_gmt":"2021-04-30T15:12:23","slug":"wishlist","status":"publish","type":"page","link":"https:\/\/studiogien.com.tr\/en\/wishlist\/","title":{"rendered":"A SHOPPING LIST"},"content":{"rendered":"<pre id=\"tw-target-rmn\" class=\"wp-block-preformatted\"><\/pre>\n\n\n\n<figure class=\"wp-block-image size-large\"><img loading=\"lazy\" decoding=\"async\" width=\"20\" height=\"20\" src=\"https:\/\/studiogien.com.tr\/wp-content\/uploads\/2021\/04\/image.png\" alt=\"Topluluk Taraf\u0131ndan Do\u011fruland\u0131 simgesi\" class=\"wp-image-1064\"\/><\/figure>","protected":false},"excerpt":{"rendered":"","protected":false},"author":1,"featured_media":0,"parent":0,"menu_order":0,"comment_status":"closed","ping_status":"closed","template":"","meta":{"footnotes":""},"class_list":["post-706","page","type-page","status-publish","hentry"],"_links":{"self":[{"href":"https:\/\/studiogien.com.tr\/en\/wp-json\/wp\/v2\/pages\/706","targetHints":{"allow":["GET"]}}],"collection":[{"href":"https:\/\/studiogien.com.tr\/en\/wp-json\/wp\/v2\/pages"}],"about":[{"href":"https:\/\/studiogien.com.tr\/en\/wp-json\/wp\/v2\/types\/page"}],"author":[{"embeddable":true,"href":"https:\/\/studiogien.com.tr\/en\/wp-json\/wp\/v2\/users\/1"}],"replies":[{"embeddable":true,"href":"https:\/\/studiogien.com.tr\/en\/wp-json\/wp\/v2\/comments?post=706"}],"version-history":[{"count":1,"href":"https:\/\/studiogien.com.tr\/en\/wp-json\/wp\/v2\/pages\/706\/revisions"}],"predecessor-version":[{"id":1065,"href":"https:\/\/studiogien.com.tr\/en\/wp-json\/wp\/v2\/pages\/706\/revisions\/1065"}],"wp:attachment":[{"href":"https:\/\/studiogien.com.tr\/en\/wp-json\/wp\/v2\/media?parent=706"}],"curies":[{"name":"wp","href":"https:\/\/api.w.org\/{rel}","templated":true}]}}