{"id":1100,"date":"2021-08-03T14:17:05","date_gmt":"2021-08-03T11:17:05","guid":{"rendered":"https:\/\/studiogien.com.tr\/?post_type=product&#038;p=1100"},"modified":"2025-12-08T17:23:39","modified_gmt":"2025-12-08T14:23:39","slug":"nakisli-sweatshirt","status":"publish","type":"product","link":"https:\/\/studiogien.com.tr\/en\/product\/nakisli-sweatshirt\/","title":{"rendered":"EMBROIDERED SWEATSHIRT"},"content":{"rendered":"<p>EMBROIDERED SWEATSHIRT<\/p>\n<p>HIGH NECKLINE, LONG SLEEVES, BACK WITH EMBROIDERED TEXT, FRONT PATCH POCKET<\/p>\n<p>&nbsp;<\/p>\n<table style=\"height: 134px;\" width=\"509\">\n<tbody>\n<tr>\n<td width=\"76\">Size<\/td>\n<td width=\"43\">3-6 mounth<\/td>\n<td width=\"43\">6-9 mounth<\/td>\n<td width=\"53\">9 - 12 mounth<\/td>\n<td width=\"57\">12-18 mounth<\/td>\n<td width=\"57\">18-24 mounth<\/td>\n<td width=\"49\">2-3 age<\/td>\n<td width=\"49\">3-4 age<\/td>\n<\/tr>\n<tr>\n<td>Size (cm)<\/td>\n<td>68<\/td>\n<td>74<\/td>\n<td>80<\/td>\n<td>86<\/td>\n<td>92<\/td>\n<td>98<\/td>\n<td>104<\/td>\n<\/tr>\n<tr>\n<td>Chest (cm)<\/td>\n<td>45<\/td>\n<td>47<\/td>\n<td>49<\/td>\n<td>51<\/td>\n<td>53<\/td>\n<td>55<\/td>\n<td>57<\/td>\n<\/tr>\n<tr>\n<td>Waist (cm)<\/td>\n<td>46<\/td>\n<td>48<\/td>\n<td>49<\/td>\n<td>50<\/td>\n<td>51<\/td>\n<td>52<\/td>\n<td>53.5<\/td>\n<\/tr>\n<tr>\n<td>Hip (cm)<\/td>\n<td>47<\/td>\n<td>49<\/td>\n<td>51<\/td>\n<td>53<\/td>\n<td>55<\/td>\n<td>57<\/td>\n<td>59<\/td>\n<\/tr>\n<tr>\n<td>Weight (Kg)<\/td>\n<td>7.5<\/td>\n<td>8<\/td>\n<td>9.5<\/td>\n<td>11<\/td>\n<td>12.5<\/td>\n<td>&#8211;<\/td>\n<td>&#8211;<\/td>\n<\/tr>\n<\/tbody>\n<\/table>\n<p>&nbsp;<\/p>\n<p><strong><u>CARE INSTRUCTIONS<\/u><\/strong><\/p>\n<p>Caring for your clothes is caring for the environment.<\/p>\n<p>Lower temperature washes and delicate spin cycles are gentler on garments and help to protect the colour, shape and structure of the fabric. Furthermore, they reduce the amount of energy used in care processes.<\/p>\n<ul>\n<li>Machine wash at max. 30\u00baC\/86\u00baF with short spin cycle<\/li>\n<li>Do not use bleach<\/li>\n<li>Iron at a maximum of 150\u00baC<\/li>\n<li>Do not dry clean<\/li>\n<li>Tumble dry low<\/li>\n<li><img loading=\"lazy\" decoding=\"async\" class=\"wp-image-1281 alignnone\" src=\"https:\/\/studiogien.com.tr\/wp-content\/uploads\/2021\/10\/depositphotos_245962672-stock-illustration-wash-at-30-degree-or.jpg\" alt=\"\" width=\"24\" height=\"24\" \/><img loading=\"lazy\" decoding=\"async\" class=\"alignnone wp-image-1282\" src=\"https:\/\/studiogien.com.tr\/wp-content\/uploads\/2021\/10\/urun-etiketlerindeki-semboller-ne-anlama-geliyor-257876.jpg\" alt=\"\" width=\"25\" height=\"25\" \/><img loading=\"lazy\" decoding=\"async\" class=\"alignnone wp-image-1285\" src=\"https:\/\/studiogien.com.tr\/wp-content\/uploads\/2021\/10\/urun-etiketlerindeki-semboller-ne-anlama-geliyor-494b31-1.png\" alt=\"\" width=\"23\" height=\"19\" \/><img loading=\"lazy\" decoding=\"async\" class=\"alignnone wp-image-1284\" src=\"https:\/\/studiogien.com.tr\/wp-content\/uploads\/2021\/10\/kuru-temizleme-yapilmaz.jpg\" alt=\"\" width=\"24\" height=\"23\" \/><img loading=\"lazy\" decoding=\"async\" class=\"alignnone wp-image-1286\" src=\"https:\/\/studiogien.com.tr\/wp-content\/uploads\/2021\/10\/KURUTMA.jpg\" alt=\"\" width=\"24\" height=\"23\" \/><\/li>\n<\/ul>\n<p>&nbsp;<\/p>","protected":false},"excerpt":{"rendered":"<p>NAKI\u015eLI SWEATSH\u0130RT Y\u00dcKSEK YAKA, UZUN KOL, ARKA BEDEN NAKI\u015eLI, \u00d6N DOKUMA YAMA CEPL\u0130 &nbsp; Beden 3-6 ay 6-9 ay 9-12&hellip;<\/p>","protected":false},"featured_media":1238,"comment_status":"open","ping_status":"closed","template":"","meta":[],"product_cat":[77,80,84],"product_tag":[],"class_list":["post-1100","product","type-product","status-publish","has-post-thumbnail","hentry","product_cat-erkek-bebek","product_cat-sweatshirt-erkek-bebek","product_cat-total-looks-erkek-bebek","product_shipping_class-kargo-ucreti","thumb-has-effect","prod-rating-on","prod-has-rating"],"_links":{"self":[{"href":"https:\/\/studiogien.com.tr\/en\/wp-json\/wp\/v2\/product\/1100","targetHints":{"allow":["GET"]}}],"collection":[{"href":"https:\/\/studiogien.com.tr\/en\/wp-json\/wp\/v2\/product"}],"about":[{"href":"https:\/\/studiogien.com.tr\/en\/wp-json\/wp\/v2\/types\/product"}],"replies":[{"embeddable":true,"href":"https:\/\/studiogien.com.tr\/en\/wp-json\/wp\/v2\/comments?post=1100"}],"wp:featuredmedia":[{"embeddable":true,"href":"https:\/\/studiogien.com.tr\/en\/wp-json\/wp\/v2\/media\/1238"}],"wp:attachment":[{"href":"https:\/\/studiogien.com.tr\/en\/wp-json\/wp\/v2\/media?parent=1100"}],"wp:term":[{"taxonomy":"product_cat","embeddable":true,"href":"https:\/\/studiogien.com.tr\/en\/wp-json\/wp\/v2\/product_cat?post=1100"},{"taxonomy":"product_tag","embeddable":true,"href":"https:\/\/studiogien.com.tr\/en\/wp-json\/wp\/v2\/product_tag?post=1100"}],"curies":[{"name":"wp","href":"https:\/\/api.w.org\/{rel}","templated":true}]}}